{"id":2275,"date":"2025-12-23T15:10:20","date_gmt":"2025-12-23T15:10:20","guid":{"rendered":"https:\/\/fishbuff.com\/?post_type=product&#038;p=2275"},"modified":"2025-12-23T15:10:23","modified_gmt":"2025-12-23T15:10:23","slug":"rainbow-bubble-tip-anemone","status":"publish","type":"product","link":"https:\/\/fishbuff.com\/sk\/product\/rainbow-bubble-tip-anemone\/","title":{"rendered":"Rainbow Bubble Tip Anemone"},"content":{"rendered":"<p style=\"color: red;\">Shipping for all species of Anemones and Corals is limited to the following countries\/ territories: the European continent (temporarily restricted to Belarus, Russia, and Ukraine) and the United States.<\/p>\n<p>Pictures are taken as accurate as possible. Pictures shown are for illustration as a representation of the exact product.<br \/>\nUveden\u00e1 cena zah\u0155\u0148ala n\u00e1klady na dopravu z Indon\u00e9zie prostredn\u00edctvom spolo\u010dnosti Transhipper. Kupuj\u00faci mus\u00ed zaplati\u0165 miestnemu agentovi Transhipper dovozn\u00e9 poplatky a n\u00e1klady na vn\u00fatro\u0161t\u00e1tnu dopravu.<\/p>\n<p><strong>Live Arrival Guarantee<\/strong><br \/>\nIn the unlikely event that you do receive a dead product, you must ensure to contact us within 24 hours of its arrival. Any claims after that will not be honored. Customer can submit their claim by email at support@fishbuff.com or WhatsApp through (+62) 821-3871-8445.<\/p>\n<p><strong>Return &amp; Exchange<\/strong><br \/>\nNeposkytujeme \u017eiadne vr\u00e1tenie ani v\u00fdmenu, ale radi vymen\u00edme v\u0161etky objedn\u00e1vky, ktor\u00e9 sp\u013a\u0148aj\u00fa na\u0161e reklama\u010dn\u00e9 podmienky.<\/p>","protected":false},"excerpt":{"rendered":"<p style=\"color: red;\">Pre\u010d\u00edtajte si, pros\u00edm, na\u0161e <a href=\"https:\/\/fishbuff.com\/sk\/terms-conditions\/\" target=\"_blank\" rel=\"noopener\">Podmienky a pravidl\u00e1<\/a> pred n\u00e1kupom.<br \/>\nN\u00e1kupom sme uviedli, \u017ee s\u00fahlas\u00edte a prij\u00edmate platn\u00e9 podmienky.<\/p>","protected":false},"featured_media":2305,"comment_status":"open","ping_status":"closed","template":"","meta":{"_seopress_robots_primary_cat":"none","_seopress_titles_title":"Buy Live Rainbow Bubble Tip Anemone for Sale","_seopress_titles_desc":"Discover live Rainbow Bubble Tip Anemone &amp; Corals for sale. Worldwide shipping available with live arrival guarantee. Shop now!","_seopress_robots_index":""},"product_brand":[],"product_cat":[91],"product_tag":[],"class_list":{"0":"post-2275","1":"product","2":"type-product","3":"status-publish","4":"has-post-thumbnail","6":"product_cat-sea-anemones-corals","8":"first","9":"outofstock","10":"shipping-taxable","11":"purchasable","12":"product-type-simple","13":"add-to-wishlist-after_add_to_cart"},"_links":{"self":[{"href":"https:\/\/fishbuff.com\/sk\/wp-json\/wp\/v2\/product\/2275","targetHints":{"allow":["GET"]}}],"collection":[{"href":"https:\/\/fishbuff.com\/sk\/wp-json\/wp\/v2\/product"}],"about":[{"href":"https:\/\/fishbuff.com\/sk\/wp-json\/wp\/v2\/types\/product"}],"replies":[{"embeddable":true,"href":"https:\/\/fishbuff.com\/sk\/wp-json\/wp\/v2\/comments?post=2275"}],"wp:featuredmedia":[{"embeddable":true,"href":"https:\/\/fishbuff.com\/sk\/wp-json\/wp\/v2\/media\/2305"}],"wp:attachment":[{"href":"https:\/\/fishbuff.com\/sk\/wp-json\/wp\/v2\/media?parent=2275"}],"wp:term":[{"taxonomy":"product_brand","embeddable":true,"href":"https:\/\/fishbuff.com\/sk\/wp-json\/wp\/v2\/product_brand?post=2275"},{"taxonomy":"product_cat","embeddable":true,"href":"https:\/\/fishbuff.com\/sk\/wp-json\/wp\/v2\/product_cat?post=2275"},{"taxonomy":"product_tag","embeddable":true,"href":"https:\/\/fishbuff.com\/sk\/wp-json\/wp\/v2\/product_tag?post=2275"}],"curies":[{"name":"wp","href":"https:\/\/api.w.org\/{rel}","templated":true}]}}