{"id":601,"date":"2025-12-23T15:01:20","date_gmt":"2025-12-23T15:01:20","guid":{"rendered":"https:\/\/fishbuff.com\/?post_type=product&#038;p=601"},"modified":"2025-12-23T15:01:35","modified_gmt":"2025-12-23T15:01:35","slug":"red-tuxedo-crowntail","status":"publish","type":"product","link":"https:\/\/fishbuff.com\/sk\/product\/red-tuxedo-crowntail\/","title":{"rendered":"Red Tuxedo Crowntail"},"content":{"rendered":"<div class=\"wpb-content-wrapper\"><div class=\"vc_row wpb_row vc_row-fluid\"><div class=\"wpb_column vc_column_container vc_col-sm-12\"><div class=\"vc_column-inner\"><div class=\"wpb_wrapper\"><div id=\"kapee-header-17307\" class=\"kapee-element kapee-heading text-left kapee-width-100 separator-line separator-between-heading\">\t\n\t\t\t\n\t\t\t<div class=\"heading-wrap\">\n\t\t\t<span class=\"separator-left\"><\/span>\n\t\t\t<h2 class=\"heading-title\">Obchod s rybami Guppy <\/h2>\t\t\t<span class=\"separator-right\"><\/span>\n\t\t\t\t\t<\/div>\n\t\t\n    <\/div>\n\t<div class=\"wpb_text_column wpb_content_element\" >\n\t\t<div class=\"wpb_wrapper\">\n\t\t\t<p><span style=\"color: red;\">Uveden\u00e1 cena je za p\u00e1r (jeden samec a jedna samica).<\/span><br \/>\nFotografie r\u00fdb s\u00fa zhotoven\u00e9 \u010do najpresnej\u0161ie. Zobrazen\u00e9 obr\u00e1zky sl\u00fa\u017eia na ilustr\u00e1ciu ako presn\u00e9 vyobrazenie ryby.<br \/>\nUveden\u00e1 cena zah\u0155\u0148ala n\u00e1klady na dopravu z Indon\u00e9zie prostredn\u00edctvom spolo\u010dnosti Transhipper. Kupuj\u00faci mus\u00ed zaplati\u0165 miestnemu agentovi Transhipper dovozn\u00e9 poplatky a n\u00e1klady na vn\u00fatro\u0161t\u00e1tnu dopravu.<\/p>\n\n\t\t<\/div>\n\t<\/div>\n<div id=\"kapee-header-24849\" class=\"kapee-element kapee-heading text-left kapee-width-100 separator-none separator-between-heading\">\t\n\t\t\t\n\t\t\t<div class=\"heading-wrap\">\n\t\t\t<span class=\"separator-left\"><\/span>\n\t\t\t<h3 class=\"heading-title\">K\u00fapi\u0165 \u017eiv\u00e9 akv\u00e1riov\u00e9 ryby online <\/h3>\t\t\t<span class=\"separator-right\"><\/span>\n\t\t\t\t\t<\/div>\n\t\t\n    <\/div>\n<div id=\"kapee-accordion-88546\" class=\"kapee-element kapee-accordion panel-group accordion-line align-left accordion-icon-plus icon-position-right\">\n\t\n\t\t\t\n\t\t<div class=\"card\">\n\t\t\t<div class=\"card-header\">\n\t\t\t\t<h4 class=\"card-title\">\t\t\t\t\t\n\t\t\t\t\t<a class=\"card-link collapsed\" data-toggle=\"collapse\" href=\"#kp-accordions-72640\">\n\t\t\t\t\t\t\t\t\t\t\t\tKam posielate ryby?\t\t\t\t\t\t\t\t\t\t\t<\/a>\t\t\t\t\t\n\t\t\t\t<\/h4>\n\t\t\t<\/div>\n\t\t\t<div id=\"kp-accordions-72640\" class=\"collapse\" data-parent=\"#kapee-accordion-88546\">\n\t\t\t\t<div class=\"card-body\">\n\t\t\t\t\t\n\t<div class=\"wpb_text_column wpb_content_element\" >\n\t\t<div class=\"wpb_wrapper\">\n\t\t\t<p>Na\u0161e ryby pre maloobchodn\u00e9 objedn\u00e1vky posielame len do niektor\u00fdch kraj\u00edn. Zasielanie je obmedzen\u00e9 na tieto krajiny; Austr\u00e1lia\/ Rak\u00fasko\/ Barbados\/ Belgicko\/ Bol\u00edvia\/ Braz\u00edlia\/ Brunej\/ Bulharsko\/ Kambod\u017ea\/ Kanada\/ \u010cile\/ \u010c\u00edna\/ Kolumbia\/ Kostarika\/ Chorv\u00e1tsko\/ Cyprus\/ \u010cesk\u00e1 republika\/ D\u00e1nsko\/ Dominik\u00e1nska republika\/ Ekv\u00e1dor\/ Est\u00f3nsko\/ F\u00ednsko\/ Franc\u00fazsko\/ Nemecko\/ Gr\u00e9cko\/ Guam\/ Haiti\/ Hongkong\/ Ma\u010farsko\/ India\/ \u00cdrsko\/ Taliansko\/ Japonsko\/ Kuvajt\/ Loty\u0161sko\/ Lichten\u0161tajnsko\/ Litva\/ Luxembursko\/ Malajzia\/ Mexiko\/ Mjanmarsko\/ Holandsko\/ N\u00f3rsko\/ Om\u00e1n\/ Panama\/ Paraguaj\/ Peru\/ Portoriko\/ Filip\u00edny\/ Po\u013esko\/ Portugalsko\/ Rumunsko\/ San Mar\u00edno\/ Srbsko\/ Singapur\/ Slovensko\/ Slovinsko\/ Ju\u017en\u00e1 Afrika\/ Ju\u017en\u00e1 K\u00f3rea\/ \u0160panielsko\/ Surinam\/ \u0160v\u00e9dsko\/ \u0160vaj\u010diarsko\/ Taiwan\/ Thajsko\/ Trinidad a Tobago\/ Turks a Caicos\/ Spojen\u00e9 arabsk\u00e9 emir\u00e1ty\/ Spojen\u00e9 kr\u00e1\u013eovstvo\/ Spojen\u00e9 \u0161t\u00e1ty\/ Americk\u00e9 Panensk\u00e9 ostrovy\/ Vietnam.<\/p>\n\n\t\t<\/div>\n\t<\/div>\n\t\t\t\t<\/div>\n\t\t\t<\/div>\n\t\t<\/div>\n\t\t\t\n\t\t<div class=\"card\">\n\t\t\t<div class=\"card-header\">\n\t\t\t\t<h4 class=\"card-title\">\t\t\t\t\t\n\t\t\t\t\t<a class=\"card-link collapsed\" data-toggle=\"collapse\" href=\"#kp-accordions-99944\">\n\t\t\t\t\t\t\t\t\t\t\t\tAko dlho bude trva\u0165, k\u00fdm dostanem svoje ryby?\t\t\t\t\t\t\t\t\t\t\t<\/a>\t\t\t\t\t\n\t\t\t\t<\/h4>\n\t\t\t<\/div>\n\t\t\t<div id=\"kp-accordions-99944\" class=\"collapse\" data-parent=\"#kapee-accordion-88546\">\n\t\t\t\t<div class=\"card-body\">\n\t\t\t\t\t\n\t<div class=\"wpb_text_column wpb_content_element\" >\n\t\t<div class=\"wpb_wrapper\">\n\t\t\t<p>Objedn\u00e1vku zvy\u010dajne dostanete do 7-14 pracovn\u00fdch dn\u00ed. V niektor\u00fdch pr\u00edpadoch to m\u00f4\u017ee trva\u0165 aj mesiac.<\/p>\n\n\t\t<\/div>\n\t<\/div>\n\t\t\t\t<\/div>\n\t\t\t<\/div>\n\t\t<\/div>\n\t\t\t\n\t\t<div class=\"card\">\n\t\t\t<div class=\"card-header\">\n\t\t\t\t<h4 class=\"card-title\">\t\t\t\t\t\n\t\t\t\t\t<a class=\"card-link collapsed\" data-toggle=\"collapse\" href=\"#kp-accordions-80955\">\n\t\t\t\t\t\t\t\t\t\t\t\tPre\u010do trv\u00e1 tak dlho, k\u00fdm dostanem rybu?\t\t\t\t\t\t\t\t\t\t\t<\/a>\t\t\t\t\t\n\t\t\t\t<\/h4>\n\t\t\t<\/div>\n\t\t\t<div id=\"kp-accordions-80955\" class=\"collapse\" data-parent=\"#kapee-accordion-88546\">\n\t\t\t\t<div class=\"card-body\">\n\t\t\t\t\t\n\t<div class=\"wpb_text_column wpb_content_element\" >\n\t\t<div class=\"wpb_wrapper\">\n\t\t\t<p>Maloobchodn\u00e9 objedn\u00e1vky zasielame len prostredn\u00edctvom prepravcu. Z\u00e1sielky sa uskuto\u010d\u0148uj\u00fa na z\u00e1klade ich dostupn\u00e9ho mesa\u010dn\u00e9ho harmonogramu, ktor\u00fd stanovuje samotn\u00fd prekladate\u013e.<br \/>\nNiektor\u00e9 krajiny, ktor\u00e9 nemusia ma\u0165 dostato\u010dne ve\u013ek\u00fd objem prepravy, maj\u00fa zvy\u010dajne ve\u013emi obmedzen\u00e9 harmonogramy.<br \/>\nAk sa chcete uisti\u0165, kedy je spr\u00e1vny \u010das na zadanie objedn\u00e1vky, m\u00f4\u017eete n\u00e1s najprv kontaktova\u0165.<\/p>\n\n\t\t<\/div>\n\t<\/div>\n\t\t\t\t<\/div>\n\t\t\t<\/div>\n\t\t<\/div>\n\t\t\t\n\t\t<div class=\"card\">\n\t\t\t<div class=\"card-header\">\n\t\t\t\t<h4 class=\"card-title\">\t\t\t\t\t\n\t\t\t\t\t<a class=\"card-link collapsed\" data-toggle=\"collapse\" href=\"#kp-accordions-18366\">\n\t\t\t\t\t\t\t\t\t\t\t\t\u010co ak moja ryba pr\u00edde m\u0155tva?\t\t\t\t\t\t\t\t\t\t\t<\/a>\t\t\t\t\t\n\t\t\t\t<\/h4>\n\t\t\t<\/div>\n\t\t\t<div id=\"kp-accordions-18366\" class=\"collapse\" data-parent=\"#kapee-accordion-88546\">\n\t\t\t\t<div class=\"card-body\">\n\t\t\t\t\t\n\t<div class=\"wpb_text_column wpb_content_element\" >\n\t\t<div class=\"wpb_wrapper\">\n\t\t\t<p>V nepravdepodobnom pr\u00edpade, \u017ee dostanete m\u0155tvu rybu, mus\u00edte n\u00e1s kontaktova\u0165 do 24 hod\u00edn od jej pr\u00edchodu. Po uplynut\u00ed tejto lehoty nebud\u00fa \u017eiadne reklam\u00e1cie uznan\u00e9.<br \/>\nV pr\u00edpade \u00famrtia n\u00e1m po\u0161lite jasn\u00fa fotografiu m\u0155tvej ryby v neotvorenom vrecku. Z\u00e1kazn\u00edk m\u00f4\u017ee svoju reklam\u00e1ciu zasla\u0165 e-mailom na adresu support@fishbuff.com alebo prostredn\u00edctvom aplik\u00e1cie WhatsApp (+62) 821-3871-8445.<\/p>\n\n\t\t<\/div>\n\t<\/div>\n\t\t\t\t<\/div>\n\t\t\t<\/div>\n\t\t<\/div>\n\t\t\t\n\t\t<div class=\"card\">\n\t\t\t<div class=\"card-header\">\n\t\t\t\t<h4 class=\"card-title\">\t\t\t\t\t\n\t\t\t\t\t<a class=\"card-link collapsed\" data-toggle=\"collapse\" href=\"#kp-accordions-81138\">\n\t\t\t\t\t\t\t\t\t\t\t\tPrijali ste vr\u00e1tenie alebo v\u00fdmenu?\t\t\t\t\t\t\t\t\t\t\t<\/a>\t\t\t\t\t\n\t\t\t\t<\/h4>\n\t\t\t<\/div>\n\t\t\t<div id=\"kp-accordions-81138\" class=\"collapse\" data-parent=\"#kapee-accordion-88546\">\n\t\t\t\t<div class=\"card-body\">\n\t\t\t\t\t\n\t<div class=\"wpb_text_column wpb_content_element\" >\n\t\t<div class=\"wpb_wrapper\">\n\t\t\t<p>Neposkytujeme \u017eiadne vr\u00e1tenie ani v\u00fdmenu, ale radi vymen\u00edme v\u0161etky objedn\u00e1vky, ktor\u00e9 sp\u013a\u0148aj\u00fa na\u0161e reklama\u010dn\u00e9 podmienky.<\/p>\n\n\t\t<\/div>\n\t<\/div>\n\t\t\t\t<\/div>\n\t\t\t<\/div>\n\t\t<\/div>\n\t<\/div><\/div><\/div><\/div><\/div>\n<\/div>","protected":false},"excerpt":{"rendered":"<p style=\"color: red;\">Pre\u010d\u00edtajte si, pros\u00edm, na\u0161e <a href=\"https:\/\/fishbuff.com\/sk\/terms-conditions\/\" target=\"_blank\" rel=\"noopener\">Podmienky a pravidl\u00e1<\/a> pred n\u00e1kupom.<br \/>\nN\u00e1kupom sme uviedli, \u017ee s\u00fahlas\u00edte a prij\u00edmate platn\u00e9 podmienky.<\/p>","protected":false},"featured_media":631,"comment_status":"open","ping_status":"closed","template":"","meta":{"_seopress_robots_primary_cat":"91","_seopress_titles_title":"Buy Red Tuxedo Crowntail Guppies Online","_seopress_titles_desc":"Shop for Red Tuxedo Crowntail and other guppies for sale online. Live arrival guarantee on all orders-your fish shipped safely to your door!","_seopress_robots_index":""},"product_brand":[],"product_cat":[69],"product_tag":[],"class_list":{"0":"post-601","1":"product","2":"type-product","3":"status-publish","4":"has-post-thumbnail","6":"product_cat-guppy","8":"first","9":"instock","10":"shipping-taxable","11":"purchasable","12":"product-type-simple","13":"add-to-wishlist-after_add_to_cart"},"_links":{"self":[{"href":"https:\/\/fishbuff.com\/sk\/wp-json\/wp\/v2\/product\/601","targetHints":{"allow":["GET"]}}],"collection":[{"href":"https:\/\/fishbuff.com\/sk\/wp-json\/wp\/v2\/product"}],"about":[{"href":"https:\/\/fishbuff.com\/sk\/wp-json\/wp\/v2\/types\/product"}],"replies":[{"embeddable":true,"href":"https:\/\/fishbuff.com\/sk\/wp-json\/wp\/v2\/comments?post=601"}],"wp:featuredmedia":[{"embeddable":true,"href":"https:\/\/fishbuff.com\/sk\/wp-json\/wp\/v2\/media\/631"}],"wp:attachment":[{"href":"https:\/\/fishbuff.com\/sk\/wp-json\/wp\/v2\/media?parent=601"}],"wp:term":[{"taxonomy":"product_brand","embeddable":true,"href":"https:\/\/fishbuff.com\/sk\/wp-json\/wp\/v2\/product_brand?post=601"},{"taxonomy":"product_cat","embeddable":true,"href":"https:\/\/fishbuff.com\/sk\/wp-json\/wp\/v2\/product_cat?post=601"},{"taxonomy":"product_tag","embeddable":true,"href":"https:\/\/fishbuff.com\/sk\/wp-json\/wp\/v2\/product_tag?post=601"}],"curies":[{"name":"wp","href":"https:\/\/api.w.org\/{rel}","templated":true}]}}