{"id":2285,"date":"2025-12-23T15:10:21","date_gmt":"2025-12-23T15:10:21","guid":{"rendered":"https:\/\/fishbuff.com\/?post_type=product&#038;p=2285"},"modified":"2025-12-23T15:10:26","modified_gmt":"2025-12-23T15:10:26","slug":"blue-carpet-anemone","status":"publish","type":"product","link":"https:\/\/fishbuff.com\/sl\/product\/blue-carpet-anemone\/","title":{"rendered":"Blue Carpet Anemone"},"content":{"rendered":"<p style=\"color: red;\">Shipping for all species of Anemones and Corals is limited to the following countries\/ territories: the European continent (temporarily restricted to Belarus, Russia, and Ukraine) and the United States.<\/p>\n<p>Pictures are taken as accurate as possible. Pictures shown are for illustration as a representation of the exact product.<br \/>\nNavedena cena vklju\u010duje stro\u0161ke dostave iz Indonezije prek podjetja Transhipper. Kupec mora pla\u010dati lokalnega zastopnika Transhipper za uvozne pristojbine in doma\u010de stro\u0161ke po\u0161iljanja.<\/p>\n<p><strong>Live Arrival Guarantee<\/strong><br \/>\nIn the unlikely event that you do receive a dead product, you must ensure to contact us within 24 hours of its arrival. Any claims after that will not be honored. Customer can submit their claim by email at support@fishbuff.com or WhatsApp through (+62) 821-3871-8445.<\/p>\n<p><strong>Return &amp; Exchange<\/strong><br \/>\nNe ponujamo vra\u010dil ali zamenjav, vendar z veseljem zamenjamo vsa naro\u010dila, ki ustrezajo na\u0161i politiki reklamacij.<\/p>","protected":false},"excerpt":{"rendered":"<p style=\"color: red;\">Preberite na\u0161e <a href=\"https:\/\/fishbuff.com\/sl\/terms-conditions\/\" target=\"_blank\" rel=\"noopener\">Pogoji in dolo\u010dila<\/a> pred nakupom.<br \/>\nZ nakupom smo navedli, da se strinjate in sprejemate veljavne pogoje in dolo\u010dila.<\/p>","protected":false},"featured_media":2315,"comment_status":"open","ping_status":"closed","template":"","meta":{"_seopress_robots_primary_cat":"none","_seopress_titles_title":"Shop Blue Carpet Anemone with Live Arrival Guarantee","_seopress_titles_desc":"Discover vibrant Blue Carpet Anemone. Worldwide shipping from Indonesia. Live Arrival Guarantee. Shop Live Anemones for Sale today!","_seopress_robots_index":""},"product_brand":[],"product_cat":[91],"product_tag":[],"class_list":{"0":"post-2285","1":"product","2":"type-product","3":"status-publish","4":"has-post-thumbnail","6":"product_cat-sea-anemones-corals","8":"first","9":"outofstock","10":"shipping-taxable","11":"purchasable","12":"product-type-simple","13":"add-to-wishlist-after_add_to_cart"},"_links":{"self":[{"href":"https:\/\/fishbuff.com\/sl\/wp-json\/wp\/v2\/product\/2285","targetHints":{"allow":["GET"]}}],"collection":[{"href":"https:\/\/fishbuff.com\/sl\/wp-json\/wp\/v2\/product"}],"about":[{"href":"https:\/\/fishbuff.com\/sl\/wp-json\/wp\/v2\/types\/product"}],"replies":[{"embeddable":true,"href":"https:\/\/fishbuff.com\/sl\/wp-json\/wp\/v2\/comments?post=2285"}],"wp:featuredmedia":[{"embeddable":true,"href":"https:\/\/fishbuff.com\/sl\/wp-json\/wp\/v2\/media\/2315"}],"wp:attachment":[{"href":"https:\/\/fishbuff.com\/sl\/wp-json\/wp\/v2\/media?parent=2285"}],"wp:term":[{"taxonomy":"product_brand","embeddable":true,"href":"https:\/\/fishbuff.com\/sl\/wp-json\/wp\/v2\/product_brand?post=2285"},{"taxonomy":"product_cat","embeddable":true,"href":"https:\/\/fishbuff.com\/sl\/wp-json\/wp\/v2\/product_cat?post=2285"},{"taxonomy":"product_tag","embeddable":true,"href":"https:\/\/fishbuff.com\/sl\/wp-json\/wp\/v2\/product_tag?post=2285"}],"curies":[{"name":"wp","href":"https:\/\/api.w.org\/{rel}","templated":true}]}}