{"id":229,"date":"2025-12-23T14:59:13","date_gmt":"2025-12-23T14:59:13","guid":{"rendered":"https:\/\/fishbuff.com\/?post_type=product&#038;p=229"},"modified":"2026-01-06T14:55:35","modified_gmt":"2026-01-06T14:55:35","slug":"red-devil-angelfish","status":"publish","type":"product","link":"https:\/\/fishbuff.com\/sl\/product\/red-devil-angelfish\/","title":{"rendered":"2&#8243; Red Devil Angelfish"},"content":{"rendered":"<div class=\"wpb-content-wrapper\"><div class=\"vc_row wpb_row vc_row-fluid\"><div class=\"wpb_column vc_column_container vc_col-sm-12\"><div class=\"vc_column-inner\"><div class=\"wpb_wrapper\">\n\t<div class=\"wpb_text_column wpb_content_element\" >\n\t\t<div class=\"wpb_wrapper\">\n\t\t\t<p style=\"font-size: 24px; color: #0ca4ff; font-weight: bold; margin: 0;\">3-Day Guarantee <a style=\"color: #333333; font-size: 12px; font-weight: normal;\" href=\"https:\/\/fishbuff.com\/sl\/our-guarantee\/\">Preberite ve\u010d<\/a><\/p>\n<p><span style=\"color: red;\">The price listed is for 3 fish.<\/span><br \/>\nFotografije rib so posnete kar se da natan\u010dno. Prikazane slike so ilustrativne in predstavljajo to\u010dno dolo\u010deno ribo.<br \/>\nNavedena cena je vklju\u010devala stro\u0161ke po\u0161iljanja iz Indonezije prek prevoznika. Kupec mora pla\u010dati uvozne pristojbine in stro\u0161ke doma\u010dega po\u0161iljanja svojemu lokalnemu zastopniku za pretovarjanje.<\/p>\n\n\t\t<\/div>\n\t<\/div>\n<div id=\"kapee-header-79159\" class=\"kapee-element kapee-heading text-left kapee-width-100 separator-line separator-between-heading\">\t\n\t\t\t\n\t\t\t<div class=\"heading-wrap\">\n\t\t\t<span class=\"separator-left\"><\/span>\n\t\t\t<h2 class=\"heading-title\">Angelfish (Pterophyllum scalare) <\/h2>\t\t\t<span class=\"separator-right\"><\/span>\n\t\t\t\t\t<\/div>\n\t\t\n    <\/div><\/div><\/div><\/div><\/div><div class=\"vc_row wpb_row vc_row-fluid\"><div class=\"wpb_column vc_column_container vc_col-sm-6\"><div class=\"vc_column-inner\"><div class=\"wpb_wrapper\">\n\t<div class=\"wpb_text_column wpb_content_element\" >\n\t\t<div class=\"wpb_wrapper\">\n\t\t\t<h3 style=\"font-size: 24px; margin: 0.67em 0;\">Red Koi Angelfish<\/h3>\n<p>The Red devil angelfish is essentially a highly selected Koi angelfish strain, specifically bred for intense, vibrant orange-red coloration.<\/p>\n<p><strong>Izvor<\/strong> - Vzgojene na kmetiji<br \/>\n<strong>Dieta<\/strong> - Mesojedec<br \/>\n<strong>pH<\/strong> &#8211; 6.5 to 7.5<br \/>\n<strong>Temp<\/strong> - 26 \u00b0C do 28 \u00b0C<br \/>\n<strong>Trenutna velikost<\/strong> \u2013 2 inches<\/p>\n\n\t\t<\/div>\n\t<\/div>\n<\/div><\/div><\/div><div class=\"wpb_column vc_column_container vc_col-sm-6\"><div class=\"vc_column-inner\"><div class=\"wpb_wrapper\"><div id=\"kapee-header-85084\" class=\"kapee-element kapee-heading text-left kapee-width-100 separator-none separator-between-heading\">\t\n\t\t\t\n\t\t\t<div class=\"heading-wrap\">\n\t\t\t<span class=\"separator-left\"><\/span>\n\t\t\t<h3 class=\"heading-title\">Hitri statisti\u010dni podatki <\/h3>\t\t\t<span class=\"separator-right\"><\/span>\n\t\t\t\t\t<\/div>\n\t\t\n    <\/div><div class=\"vc_progress_bar wpb_content_element\" ><div class=\"vc_general vc_single_bar\"><small class=\"vc_label\" style=\"color: #FFFFFF;\">REDKOST<\/small><span class=\"vc_bar\" data-percentage-value=\"50\" data-value=\"50\" style=\"background-color: #0CA4FF;\"><\/span><\/div><div class=\"vc_general vc_single_bar\"><small class=\"vc_label\" style=\"color: #FFFFFF;\">RAVEN OSKRBE<\/small><span class=\"vc_bar\" data-percentage-value=\"25\" data-value=\"25\" style=\"background-color: #0CA4FF;\"><\/span><\/div><div class=\"vc_general vc_single_bar\"><small class=\"vc_label\" style=\"color: #FFFFFF;\">TEMPERAMENT<\/small><span class=\"vc_bar\" data-percentage-value=\"25\" data-value=\"25\" style=\"background-color: #0CA4FF;\"><\/span><\/div><div class=\"vc_general vc_single_bar\"><small class=\"vc_label\" style=\"color: #FFFFFF;\">KOMPATIBILNOST<\/small><span class=\"vc_bar\" data-percentage-value=\"75\" data-value=\"75\" style=\"background-color: #0CA4FF;\"><\/span><\/div><div class=\"vc_general vc_single_bar\"><small class=\"vc_label\" style=\"color: #FFFFFF;\">ZALOGOVNIK Z NASELJENIM MATERIALOM<\/small><span class=\"vc_bar\" data-percentage-value=\"100\" data-value=\"100\" style=\"background-color: #0CA4FF;\"><\/span><\/div><\/div><\/div><\/div><\/div><\/div>\n<\/div>","protected":false},"excerpt":{"rendered":"<p style=\"color: red;\">Preberite na\u0161e <a href=\"https:\/\/fishbuff.com\/sl\/terms-conditions\/\" target=\"_blank\" rel=\"noopener\">Pogoji in dolo\u010dila<\/a> pred nakupom.<br \/>\nZ nakupom sporo\u010damo, da se strinjate z veljavnimi pogoji in dolo\u010dili ter jih sprejemate.<\/p>","protected":false},"featured_media":259,"comment_status":"open","ping_status":"closed","template":"","meta":{"_seopress_robots_primary_cat":"none","_seopress_titles_title":"Buy Red Devil Angelfish with Free Shipping","_seopress_titles_desc":"Order Red Devil Angelfish with confidence! Price includes shipping. Fast support and Live Arrival Guarantee. Contact us for claims.","_seopress_robots_index":""},"product_brand":[],"product_cat":[24],"product_tag":[],"class_list":{"0":"post-229","1":"product","2":"type-product","3":"status-publish","4":"has-post-thumbnail","6":"product_cat-angelfish","8":"first","9":"instock","10":"shipping-taxable","11":"purchasable","12":"product-type-simple","13":"add-to-wishlist-after_add_to_cart"},"_links":{"self":[{"href":"https:\/\/fishbuff.com\/sl\/wp-json\/wp\/v2\/product\/229","targetHints":{"allow":["GET"]}}],"collection":[{"href":"https:\/\/fishbuff.com\/sl\/wp-json\/wp\/v2\/product"}],"about":[{"href":"https:\/\/fishbuff.com\/sl\/wp-json\/wp\/v2\/types\/product"}],"replies":[{"embeddable":true,"href":"https:\/\/fishbuff.com\/sl\/wp-json\/wp\/v2\/comments?post=229"}],"wp:featuredmedia":[{"embeddable":true,"href":"https:\/\/fishbuff.com\/sl\/wp-json\/wp\/v2\/media\/259"}],"wp:attachment":[{"href":"https:\/\/fishbuff.com\/sl\/wp-json\/wp\/v2\/media?parent=229"}],"wp:term":[{"taxonomy":"product_brand","embeddable":true,"href":"https:\/\/fishbuff.com\/sl\/wp-json\/wp\/v2\/product_brand?post=229"},{"taxonomy":"product_cat","embeddable":true,"href":"https:\/\/fishbuff.com\/sl\/wp-json\/wp\/v2\/product_cat?post=229"},{"taxonomy":"product_tag","embeddable":true,"href":"https:\/\/fishbuff.com\/sl\/wp-json\/wp\/v2\/product_tag?post=229"}],"curies":[{"name":"wp","href":"https:\/\/api.w.org\/{rel}","templated":true}]}}