{"id":634,"date":"2025-12-23T15:01:39","date_gmt":"2025-12-23T15:01:39","guid":{"rendered":"https:\/\/fishbuff.com\/?post_type=product&#038;p=634"},"modified":"2025-12-23T15:01:45","modified_gmt":"2025-12-23T15:01:45","slug":"red-neon-spear-tail","status":"publish","type":"product","link":"https:\/\/fishbuff.com\/sl\/product\/red-neon-spear-tail\/","title":{"rendered":"Red Neon Spear Tail"},"content":{"rendered":"<div class=\"wpb-content-wrapper\"><div class=\"vc_row wpb_row vc_row-fluid\"><div class=\"wpb_column vc_column_container vc_col-sm-12\"><div class=\"vc_column-inner\"><div class=\"wpb_wrapper\"><div id=\"kapee-header-59670\" class=\"kapee-element kapee-heading text-left kapee-width-100 separator-line separator-between-heading\">\t\n\t\t\t\n\t\t\t<div class=\"heading-wrap\">\n\t\t\t<span class=\"separator-left\"><\/span>\n\t\t\t<h2 class=\"heading-title\">Trgovina z ribami Guppy <\/h2>\t\t\t<span class=\"separator-right\"><\/span>\n\t\t\t\t\t<\/div>\n\t\t\n    <\/div>\n\t<div class=\"wpb_text_column wpb_content_element\" >\n\t\t<div class=\"wpb_wrapper\">\n\t\t\t<p><span style=\"color: red;\">Navedena cena velja za par (en samec in ena samica).<\/span><br \/>\nFotografije rib so posnete kar se da natan\u010dno. Prikazane slike so ilustracijske in predstavljajo to\u010dno dolo\u010deno ribo.<br \/>\nNavedena cena vklju\u010duje stro\u0161ke dostave iz Indonezije prek podjetja Transhipper. Kupec mora pla\u010dati lokalnega zastopnika Transhipper za uvozne pristojbine in doma\u010de stro\u0161ke po\u0161iljanja.<\/p>\n\n\t\t<\/div>\n\t<\/div>\n<div id=\"kapee-header-85214\" class=\"kapee-element kapee-heading text-left kapee-width-100 separator-none separator-between-heading\">\t\n\t\t\t\n\t\t\t<div class=\"heading-wrap\">\n\t\t\t<span class=\"separator-left\"><\/span>\n\t\t\t<h3 class=\"heading-title\">Nakup \u017eivih akvarijskih rib na spletu <\/h3>\t\t\t<span class=\"separator-right\"><\/span>\n\t\t\t\t\t<\/div>\n\t\t\n    <\/div>\n<div id=\"kapee-accordion-76208\" class=\"kapee-element kapee-accordion panel-group accordion-line align-left accordion-icon-plus icon-position-right\">\n\t\n\t\t\t\n\t\t<div class=\"card\">\n\t\t\t<div class=\"card-header\">\n\t\t\t\t<h4 class=\"card-title\">\t\t\t\t\t\n\t\t\t\t\t<a class=\"card-link collapsed\" data-toggle=\"collapse\" href=\"#kp-accordions-81796\">\n\t\t\t\t\t\t\t\t\t\t\t\tKam po\u0161iljate ribe?\t\t\t\t\t\t\t\t\t\t\t<\/a>\t\t\t\t\t\n\t\t\t\t<\/h4>\n\t\t\t<\/div>\n\t\t\t<div id=\"kp-accordions-81796\" class=\"collapse\" data-parent=\"#kapee-accordion-76208\">\n\t\t\t\t<div class=\"card-body\">\n\t\t\t\t\t\n\t<div class=\"wpb_text_column wpb_content_element\" >\n\t\t<div class=\"wpb_wrapper\">\n\t\t\t<p>Ribe za maloprodajna naro\u010dila po\u0161iljamo samo v nekatere dr\u017eave. Po\u0161iljka je omejena na naslednje dr\u017eave; Avstralija\/ Avstrija\/ Barbados\/ Belgija\/ Bolivija\/ Brazilija\/ Brunej\/ Bolgarija\/ Kambod\u017ea\/ Kanada\/ \u010cile\/ Kitajska\/ Kolumbija\/ Kostarika\/ Hrva\u0161ka\/ Ciper\/ \u010ce\u0161ka\/ Danska\/ Dominikanska republika\/ Ekvador\/ Estonija\/ Finska\/ Francija\/ Nem\u010dija\/ Gr\u010dija\/ Guam\/ Haiti\/ Hongkong\/ Mad\u017earska\/ Indija\/ Irska\/ Italija\/ Japonska\/ Kuvajt\/ Latvija\/ Liechtenstein\/ Litva\/ Luksemburg\/ Malezija\/ Mehika\/ Mjanmar\/ Nizozemska\/ Norve\u0161ka\/ Oman\/ Panama\/ Paragvaj\/ Peru\/ Portoriko\/ Filipini\/ Poljska\/ Portugalska\/ Romunija\/ San Marino\/ Srbija\/ Singapur\/ Slova\u0161ka\/ Slovenija\/ Ju\u017ena Afrika\/ Ju\u017ena Koreja\/ \u0160panija\/ Surinam\/ \u0160vedska\/ \u0160vica\/ Tajvan\/ Tajska\/ Trinidad in Tobago\/ Otoki Turks in Caicos\/ Uni Emirat Arab\/ Zdru\u017eeno kraljestvo\/ ZDA\/ Ameri\u0161ki Devi\u0161ki otoki\/ Vietnam.<\/p>\n\n\t\t<\/div>\n\t<\/div>\n\t\t\t\t<\/div>\n\t\t\t<\/div>\n\t\t<\/div>\n\t\t\t\n\t\t<div class=\"card\">\n\t\t\t<div class=\"card-header\">\n\t\t\t\t<h4 class=\"card-title\">\t\t\t\t\t\n\t\t\t\t\t<a class=\"card-link collapsed\" data-toggle=\"collapse\" href=\"#kp-accordions-5934\">\n\t\t\t\t\t\t\t\t\t\t\t\tKako dolgo bo trajalo, da bom prejel svoje ribe?\t\t\t\t\t\t\t\t\t\t\t<\/a>\t\t\t\t\t\n\t\t\t\t<\/h4>\n\t\t\t<\/div>\n\t\t\t<div id=\"kp-accordions-5934\" class=\"collapse\" data-parent=\"#kapee-accordion-76208\">\n\t\t\t\t<div class=\"card-body\">\n\t\t\t\t\t\n\t<div class=\"wpb_text_column wpb_content_element\" >\n\t\t<div class=\"wpb_wrapper\">\n\t\t\t<p>Naro\u010dilo boste obi\u010dajno prejeli v 7-14 delovnih dneh. V nekaterih primerih bo trajalo tudi mesec dni.<\/p>\n\n\t\t<\/div>\n\t<\/div>\n\t\t\t\t<\/div>\n\t\t\t<\/div>\n\t\t<\/div>\n\t\t\t\n\t\t<div class=\"card\">\n\t\t\t<div class=\"card-header\">\n\t\t\t\t<h4 class=\"card-title\">\t\t\t\t\t\n\t\t\t\t\t<a class=\"card-link collapsed\" data-toggle=\"collapse\" href=\"#kp-accordions-61790\">\n\t\t\t\t\t\t\t\t\t\t\t\tZakaj traja tako dolgo, da dobim ribe?\t\t\t\t\t\t\t\t\t\t\t<\/a>\t\t\t\t\t\n\t\t\t\t<\/h4>\n\t\t\t<\/div>\n\t\t\t<div id=\"kp-accordions-61790\" class=\"collapse\" data-parent=\"#kapee-accordion-76208\">\n\t\t\t\t<div class=\"card-body\">\n\t\t\t\t\t\n\t<div class=\"wpb_text_column wpb_content_element\" >\n\t\t<div class=\"wpb_wrapper\">\n\t\t\t<p>Maloprodajna naro\u010dila po\u0161iljamo samo prek po\u0161iljatelja. Po\u0161iljke se opravijo na podlagi razpolo\u017eljivega mese\u010dnega urnika, ki ga dolo\u010di sam prekladalec.<br \/>\nVe\u010d dr\u017eav, ki morda nimajo dovolj velikega obsega po\u0161iljanja, ima obi\u010dajno zelo omejene urnike.<br \/>\n\u010ce se \u017eelite prepri\u010dati, kdaj je pravi \u010das za oddajo naro\u010dila, nas lahko najprej kontaktirate.<\/p>\n\n\t\t<\/div>\n\t<\/div>\n\t\t\t\t<\/div>\n\t\t\t<\/div>\n\t\t<\/div>\n\t\t\t\n\t\t<div class=\"card\">\n\t\t\t<div class=\"card-header\">\n\t\t\t\t<h4 class=\"card-title\">\t\t\t\t\t\n\t\t\t\t\t<a class=\"card-link collapsed\" data-toggle=\"collapse\" href=\"#kp-accordions-31058\">\n\t\t\t\t\t\t\t\t\t\t\t\tKaj pa, \u010de riba prispe mrtva?\t\t\t\t\t\t\t\t\t\t\t<\/a>\t\t\t\t\t\n\t\t\t\t<\/h4>\n\t\t\t<\/div>\n\t\t\t<div id=\"kp-accordions-31058\" class=\"collapse\" data-parent=\"#kapee-accordion-76208\">\n\t\t\t\t<div class=\"card-body\">\n\t\t\t\t\t\n\t<div class=\"wpb_text_column wpb_content_element\" >\n\t\t<div class=\"wpb_wrapper\">\n\t\t\t<p>\u010ce prejmete mrtvo ribo, nas morate obvestiti v 24 urah po njenem prihodu. Morebitne reklamacije po tem \u010dasu ne bodo upo\u0161tevane.<br \/>\nV primeru pogina nam po\u0161ljite jasno sliko mrtve ribe v neodprti vre\u010dki. Stranka lahko svoj zahtevek po\u0161lje po elektronski po\u0161ti na naslov support@fishbuff.com ali prek aplikacije WhatsApp (+62) 821-3871-8445.<\/p>\n\n\t\t<\/div>\n\t<\/div>\n\t\t\t\t<\/div>\n\t\t\t<\/div>\n\t\t<\/div>\n\t\t\t\n\t\t<div class=\"card\">\n\t\t\t<div class=\"card-header\">\n\t\t\t\t<h4 class=\"card-title\">\t\t\t\t\t\n\t\t\t\t\t<a class=\"card-link collapsed\" data-toggle=\"collapse\" href=\"#kp-accordions-25272\">\n\t\t\t\t\t\t\t\t\t\t\t\tAli ste sprejeli vra\u010dilo ali zamenjavo?\t\t\t\t\t\t\t\t\t\t\t<\/a>\t\t\t\t\t\n\t\t\t\t<\/h4>\n\t\t\t<\/div>\n\t\t\t<div id=\"kp-accordions-25272\" class=\"collapse\" data-parent=\"#kapee-accordion-76208\">\n\t\t\t\t<div class=\"card-body\">\n\t\t\t\t\t\n\t<div class=\"wpb_text_column wpb_content_element\" >\n\t\t<div class=\"wpb_wrapper\">\n\t\t\t<p>Ne ponujamo vra\u010dil ali zamenjav, vendar z veseljem zamenjamo vsa naro\u010dila, ki ustrezajo na\u0161i politiki reklamacij.<\/p>\n\n\t\t<\/div>\n\t<\/div>\n\t\t\t\t<\/div>\n\t\t\t<\/div>\n\t\t<\/div>\n\t<\/div><\/div><\/div><\/div><\/div>\n<\/div>","protected":false},"excerpt":{"rendered":"<p style=\"color: red;\">Preberite na\u0161e <a href=\"https:\/\/fishbuff.com\/sl\/terms-conditions\/\" target=\"_blank\" rel=\"noopener\">Pogoji in dolo\u010dila<\/a> pred nakupom.<br \/>\nZ nakupom smo navedli, da se strinjate in sprejemate veljavne pogoje in dolo\u010dila.<\/p>","protected":false},"featured_media":664,"comment_status":"open","ping_status":"closed","template":"","meta":{"_seopress_robots_primary_cat":"91","_seopress_titles_title":"Purchase Red Neon Spear Tail Guppies","_seopress_titles_desc":"Get your Red Neon Spear Tail pair with guaranteed live arrival! Explore our shipping options and contact us for claims within 24 hours.","_seopress_robots_index":""},"product_brand":[],"product_cat":[69],"product_tag":[],"class_list":{"0":"post-634","1":"product","2":"type-product","3":"status-publish","4":"has-post-thumbnail","6":"product_cat-guppy","8":"first","9":"instock","10":"shipping-taxable","11":"purchasable","12":"product-type-simple","13":"add-to-wishlist-after_add_to_cart"},"_links":{"self":[{"href":"https:\/\/fishbuff.com\/sl\/wp-json\/wp\/v2\/product\/634","targetHints":{"allow":["GET"]}}],"collection":[{"href":"https:\/\/fishbuff.com\/sl\/wp-json\/wp\/v2\/product"}],"about":[{"href":"https:\/\/fishbuff.com\/sl\/wp-json\/wp\/v2\/types\/product"}],"replies":[{"embeddable":true,"href":"https:\/\/fishbuff.com\/sl\/wp-json\/wp\/v2\/comments?post=634"}],"wp:featuredmedia":[{"embeddable":true,"href":"https:\/\/fishbuff.com\/sl\/wp-json\/wp\/v2\/media\/664"}],"wp:attachment":[{"href":"https:\/\/fishbuff.com\/sl\/wp-json\/wp\/v2\/media?parent=634"}],"wp:term":[{"taxonomy":"product_brand","embeddable":true,"href":"https:\/\/fishbuff.com\/sl\/wp-json\/wp\/v2\/product_brand?post=634"},{"taxonomy":"product_cat","embeddable":true,"href":"https:\/\/fishbuff.com\/sl\/wp-json\/wp\/v2\/product_cat?post=634"},{"taxonomy":"product_tag","embeddable":true,"href":"https:\/\/fishbuff.com\/sl\/wp-json\/wp\/v2\/product_tag?post=634"}],"curies":[{"name":"wp","href":"https:\/\/api.w.org\/{rel}","templated":true}]}}